{"id":208,"date":"2025-01-14T13:12:58","date_gmt":"2025-01-14T13:12:58","guid":{"rendered":"https:\/\/asesoriasyprevencion.cl\/?page_id=208"},"modified":"2025-02-07T21:22:05","modified_gmt":"2025-02-07T21:22:05","slug":"quienes-somos","status":"publish","type":"page","link":"https:\/\/asesoriasyprevencion.cl\/index.php\/quienes-somos\/","title":{"rendered":"Qui\u00e9nes somos"},"content":{"rendered":"\t\t<div data-elementor-type=\"wp-page\" data-elementor-id=\"208\" class=\"elementor elementor-208\" data-elementor-post-type=\"page\">\n\t\t\t\t<div class=\"elementor-element elementor-element-64a66fb e-flex e-con-boxed e-con e-parent\" data-id=\"64a66fb\" data-element_type=\"container\" data-settings=\"{&quot;background_background&quot;:&quot;classic&quot;}\">\n\t\t\t\t\t<div class=\"e-con-inner\">\n\t\t\t\t<div class=\"elementor-element elementor-element-f21c98f elementor-widget elementor-widget-heading\" data-id=\"f21c98f\" data-element_type=\"widget\" data-widget_type=\"heading.default\">\n\t\t\t\t\t<h2 class=\"elementor-heading-title elementor-size-default\">Qui\u00e9nes Somos<\/h2>\t\t\t\t<\/div>\n\t\t\t\t\t<\/div>\n\t\t\t\t<\/div>\n\t\t<div class=\"elementor-element elementor-element-fba303a e-flex e-con-boxed e-con e-parent\" data-id=\"fba303a\" data-element_type=\"container\" data-settings=\"{&quot;animation_mobile&quot;:&quot;fadeIn&quot;}\">\n\t\t\t\t\t<div class=\"e-con-inner\">\n\t\t\t\t<div class=\"elementor-element elementor-element-6d44b44 elementor-widget elementor-widget-heading\" data-id=\"6d44b44\" data-element_type=\"widget\" data-widget_type=\"heading.default\">\n\t\t\t\t\t<h2 class=\"elementor-heading-title elementor-size-default\">Contamos <b>con +15 a\u00f1os<\/b> de experiencia impulsando empresas del \u00e1mbito de la construcci\u00f3n, retail y distribuidoras; desarrollando y potenciando programas de prevenci\u00f3n de riesgos, mantenimiento industrial y optimizaci\u00f3n log\u00edstica.<\/h2>\t\t\t\t<\/div>\n\t\t<div class=\"elementor-element elementor-element-9e1a679 e-grid e-con-full e-con e-child\" data-id=\"9e1a679\" data-element_type=\"container\">\n\t\t\t\t<div class=\"elementor-element elementor-element-cfe10ba elementor-widget elementor-widget-image\" data-id=\"cfe10ba\" data-element_type=\"widget\" data-settings=\"{&quot;_animation_mobile&quot;:&quot;fadeIn&quot;}\" data-widget_type=\"image.default\">\n\t\t\t\t\t\t\t\t\t\t\t\t\t\t\t<img fetchpriority=\"high\" decoding=\"async\" width=\"1024\" height=\"493\" src=\"https:\/\/asesoriasyprevencion.cl\/wp-content\/uploads\/2025\/01\/cropped-LOGO-2.jpg\" class=\"attachment-large size-large wp-image-22\" alt=\"\" srcset=\"https:\/\/asesoriasyprevencion.cl\/wp-content\/uploads\/2025\/01\/cropped-LOGO-2-1024x493.jpg 1024w, https:\/\/asesoriasyprevencion.cl\/wp-content\/uploads\/2025\/01\/cropped-LOGO-2-300x144.jpg 300w, https:\/\/asesoriasyprevencion.cl\/wp-content\/uploads\/2025\/01\/cropped-LOGO-2-768x370.jpg 768w, https:\/\/asesoriasyprevencion.cl\/wp-content\/uploads\/2025\/01\/cropped-LOGO-2-1536x740.jpg 1536w, https:\/\/asesoriasyprevencion.cl\/wp-content\/uploads\/2025\/01\/cropped-LOGO-2.jpg 1572w\" sizes=\"(max-width: 1024px) 100vw, 1024px\" \/>\t\t\t\t\t\t\t\t\t\t\t\t\t\t\t<\/div>\n\t\t<div class=\"elementor-element elementor-element-af68c0b e-con-full e-flex e-con e-child\" data-id=\"af68c0b\" data-element_type=\"container\">\n\t\t\t\t<div class=\"elementor-element elementor-element-b42ae06 elementor-widget elementor-widget-heading\" data-id=\"b42ae06\" data-element_type=\"widget\" data-widget_type=\"heading.default\">\n\t\t\t\t\t<h2 class=\"elementor-heading-title elementor-size-default\">Misi\u00f3n<\/h2>\t\t\t\t<\/div>\n\t\t\t\t<div class=\"elementor-element elementor-element-ba855ef elementor-widget elementor-widget-text-editor\" data-id=\"ba855ef\" data-element_type=\"widget\" data-widget_type=\"text-editor.default\">\n\t\t\t\t\t\t\t\t\t<p>Nuestro prop\u00f3sito es impulsar, desarrollar y potenciar a las organizaciones cuyo norte est\u00e9 orientado a tener una excelencia operacional y generar valor agregado que les permita robustecer su competencia en la industria donde pertenecen.<\/p>\t\t\t\t\t\t\t\t<\/div>\n\t\t\t\t<\/div>\n\t\t\t\t<\/div>\n\t\t\t\t<div class=\"elementor-element elementor-element-10a16f1 elementor-widget elementor-widget-heading\" data-id=\"10a16f1\" data-element_type=\"widget\" data-widget_type=\"heading.default\">\n\t\t\t\t\t<h2 class=\"elementor-heading-title elementor-size-default\">Nuestros clientes<\/h2>\t\t\t\t<\/div>\n\t\t\t\t<div class=\"elementor-element elementor-element-4dfeab0 elementor-widget elementor-widget-gallery\" data-id=\"4dfeab0\" data-element_type=\"widget\" data-settings=\"{&quot;aspect_ratio&quot;:&quot;16:9&quot;,&quot;columns_mobile&quot;:2,&quot;lazyload&quot;:&quot;yes&quot;,&quot;gallery_layout&quot;:&quot;grid&quot;,&quot;columns&quot;:4,&quot;columns_tablet&quot;:2,&quot;gap&quot;:{&quot;unit&quot;:&quot;px&quot;,&quot;size&quot;:10,&quot;sizes&quot;:[]},&quot;gap_tablet&quot;:{&quot;unit&quot;:&quot;px&quot;,&quot;size&quot;:10,&quot;sizes&quot;:[]},&quot;gap_mobile&quot;:{&quot;unit&quot;:&quot;px&quot;,&quot;size&quot;:10,&quot;sizes&quot;:[]},&quot;overlay_background&quot;:&quot;yes&quot;,&quot;content_hover_animation&quot;:&quot;fade-in&quot;}\" data-widget_type=\"gallery.default\">\n\t\t\t\t\t\t\t<div class=\"elementor-gallery__container\">\n\t\t\t\t\t\t\t<div class=\"e-gallery-item elementor-gallery-item elementor-animated-content\">\n\t\t\t\t\t<div class=\"e-gallery-image elementor-gallery-item__image\" data-thumbnail=\"https:\/\/asesoriasyprevencion.cl\/wp-content\/uploads\/2025\/01\/1.png\" data-width=\"512\" data-height=\"240\" aria-label=\"\" role=\"img\" ><\/div>\n\t\t\t\t\t\t\t\t\t\t\t<div class=\"elementor-gallery-item__overlay\"><\/div>\n\t\t\t\t\t\t\t\t\t\t\t\t\t\t<\/div>\n\t\t\t\t\t\t\t<div class=\"e-gallery-item elementor-gallery-item elementor-animated-content\">\n\t\t\t\t\t<div class=\"e-gallery-image elementor-gallery-item__image\" data-thumbnail=\"https:\/\/asesoriasyprevencion.cl\/wp-content\/uploads\/2025\/01\/2.png\" data-width=\"512\" data-height=\"240\" aria-label=\"\" role=\"img\" ><\/div>\n\t\t\t\t\t\t\t\t\t\t\t<div class=\"elementor-gallery-item__overlay\"><\/div>\n\t\t\t\t\t\t\t\t\t\t\t\t\t\t<\/div>\n\t\t\t\t\t\t\t<div class=\"e-gallery-item elementor-gallery-item elementor-animated-content\">\n\t\t\t\t\t<div class=\"e-gallery-image elementor-gallery-item__image\" data-thumbnail=\"https:\/\/asesoriasyprevencion.cl\/wp-content\/uploads\/2025\/01\/4.png\" data-width=\"512\" data-height=\"240\" aria-label=\"\" role=\"img\" ><\/div>\n\t\t\t\t\t\t\t\t\t\t\t<div class=\"elementor-gallery-item__overlay\"><\/div>\n\t\t\t\t\t\t\t\t\t\t\t\t\t\t<\/div>\n\t\t\t\t\t\t\t<div class=\"e-gallery-item elementor-gallery-item elementor-animated-content\">\n\t\t\t\t\t<div class=\"e-gallery-image elementor-gallery-item__image\" data-thumbnail=\"https:\/\/asesoriasyprevencion.cl\/wp-content\/uploads\/2025\/01\/3.png\" data-width=\"512\" data-height=\"240\" aria-label=\"\" role=\"img\" ><\/div>\n\t\t\t\t\t\t\t\t\t\t\t<div class=\"elementor-gallery-item__overlay\"><\/div>\n\t\t\t\t\t\t\t\t\t\t\t\t\t\t<\/div>\n\t\t\t\t\t\t\t<div class=\"e-gallery-item elementor-gallery-item elementor-animated-content\">\n\t\t\t\t\t<div class=\"e-gallery-image elementor-gallery-item__image\" data-thumbnail=\"https:\/\/asesoriasyprevencion.cl\/wp-content\/uploads\/2025\/01\/5.png\" data-width=\"512\" data-height=\"240\" aria-label=\"\" role=\"img\" ><\/div>\n\t\t\t\t\t\t\t\t\t\t\t<div class=\"elementor-gallery-item__overlay\"><\/div>\n\t\t\t\t\t\t\t\t\t\t\t\t\t\t<\/div>\n\t\t\t\t\t\t\t<div class=\"e-gallery-item elementor-gallery-item elementor-animated-content\">\n\t\t\t\t\t<div class=\"e-gallery-image elementor-gallery-item__image\" data-thumbnail=\"https:\/\/asesoriasyprevencion.cl\/wp-content\/uploads\/2025\/01\/6.png\" data-width=\"512\" data-height=\"240\" aria-label=\"\" role=\"img\" ><\/div>\n\t\t\t\t\t\t\t\t\t\t\t<div class=\"elementor-gallery-item__overlay\"><\/div>\n\t\t\t\t\t\t\t\t\t\t\t\t\t\t<\/div>\n\t\t\t\t\t\t\t<div class=\"e-gallery-item elementor-gallery-item elementor-animated-content\">\n\t\t\t\t\t<div class=\"e-gallery-image elementor-gallery-item__image\" data-thumbnail=\"https:\/\/asesoriasyprevencion.cl\/wp-content\/uploads\/2025\/01\/7.png\" data-width=\"512\" data-height=\"240\" aria-label=\"\" role=\"img\" ><\/div>\n\t\t\t\t\t\t\t\t\t\t\t<div class=\"elementor-gallery-item__overlay\"><\/div>\n\t\t\t\t\t\t\t\t\t\t\t\t\t\t<\/div>\n\t\t\t\t\t<\/div>\n\t\t\t\t\t<\/div>\n\t\t\t\t<div class=\"elementor-element elementor-element-ecdbeb3 elementor-widget elementor-widget-spacer\" data-id=\"ecdbeb3\" data-element_type=\"widget\" data-widget_type=\"spacer.default\">\n\t\t\t\t\t\t\t<div class=\"elementor-spacer\">\n\t\t\t<div class=\"elementor-spacer-inner\"><\/div>\n\t\t<\/div>\n\t\t\t\t\t\t<\/div>\n\t\t\t\t\t<\/div>\n\t\t\t\t<\/div>\n\t\t\t\t<\/div>\n\t\t","protected":false},"excerpt":{"rendered":"<p>Qui\u00e9nes Somos Contamos con +15 a\u00f1os de experiencia impulsando empresas del \u00e1mbito de la construcci\u00f3n, retail y distribuidoras; desarrollando y [&hellip;]<\/p>\n","protected":false},"author":1,"featured_media":0,"parent":0,"menu_order":0,"comment_status":"closed","ping_status":"closed","template":"","meta":{"site-sidebar-layout":"no-sidebar","site-content-layout":"","ast-site-content-layout":"full-width-container","site-content-style":"default","site-sidebar-style":"default","ast-global-header-display":"","ast-banner-title-visibility":"","ast-main-header-display":"","ast-hfb-above-header-display":"","ast-hfb-below-header-display":"","ast-hfb-mobile-header-display":"","site-post-title":"disabled","ast-breadcrumbs-content":"","ast-featured-img":"disabled","footer-sml-layout":"","theme-transparent-header-meta":"","adv-header-id-meta":"","stick-header-meta":"","header-above-stick-meta":"","header-main-stick-meta":"","header-below-stick-meta":"","astra-migrate-meta-layouts":"default","ast-page-background-enabled":"default","ast-page-background-meta":{"desktop":{"background-color":"var(--ast-global-color-5)","background-image":"","background-repeat":"repeat","background-position":"center center","background-size":"auto","background-attachment":"scroll","background-type":"","background-media":"","overlay-type":"","overlay-color":"","overlay-opacity":"","overlay-gradient":""},"tablet":{"background-color":"","background-image":"","background-repeat":"repeat","background-position":"center center","background-size":"auto","background-attachment":"scroll","background-type":"","background-media":"","overlay-type":"","overlay-color":"","overlay-opacity":"","overlay-gradient":""},"mobile":{"background-color":"","background-image":"","background-repeat":"repeat","background-position":"center center","background-size":"auto","background-attachment":"scroll","background-type":"","background-media":"","overlay-type":"","overlay-color":"","overlay-opacity":"","overlay-gradient":""}},"ast-content-background-meta":{"desktop":{"background-color":"var(--ast-global-color-4)","background-image":"","background-repeat":"repeat","background-position":"center center","background-size":"auto","background-attachment":"scroll","background-type":"","background-media":"","overlay-type":"","overlay-color":"","overlay-opacity":"","overlay-gradient":""},"tablet":{"background-color":"var(--ast-global-color-4)","background-image":"","background-repeat":"repeat","background-position":"center center","background-size":"auto","background-attachment":"scroll","background-type":"","background-media":"","overlay-type":"","overlay-color":"","overlay-opacity":"","overlay-gradient":""},"mobile":{"background-color":"var(--ast-global-color-4)","background-image":"","background-repeat":"repeat","background-position":"center center","background-size":"auto","background-attachment":"scroll","background-type":"","background-media":"","overlay-type":"","overlay-color":"","overlay-opacity":"","overlay-gradient":""}},"footnotes":""},"class_list":["post-208","page","type-page","status-publish","hentry"],"yoast_head":"<!-- This site is optimized with the Yoast SEO plugin v24.3 - https:\/\/yoast.com\/wordpress\/plugins\/seo\/ -->\n<title>Qui\u00e9nes somos - Asesor\u00edas y Prevenci\u00f3n<\/title>\n<meta name=\"robots\" content=\"index, follow, max-snippet:-1, max-image-preview:large, max-video-preview:-1\" \/>\n<link rel=\"canonical\" href=\"https:\/\/asesoriasyprevencion.cl\/index.php\/quienes-somos\/\" \/>\n<meta property=\"og:locale\" content=\"es_ES\" \/>\n<meta property=\"og:type\" content=\"article\" \/>\n<meta property=\"og:title\" content=\"Qui\u00e9nes somos - Asesor\u00edas y Prevenci\u00f3n\" \/>\n<meta property=\"og:description\" content=\"Qui\u00e9nes Somos Contamos con +15 a\u00f1os de experiencia impulsando empresas del \u00e1mbito de la construcci\u00f3n, retail y distribuidoras; desarrollando y [&hellip;]\" \/>\n<meta property=\"og:url\" content=\"https:\/\/asesoriasyprevencion.cl\/index.php\/quienes-somos\/\" \/>\n<meta property=\"og:site_name\" content=\"Asesor\u00edas y Prevenci\u00f3n\" \/>\n<meta property=\"article:modified_time\" content=\"2025-02-07T21:22:05+00:00\" \/>\n<meta property=\"og:image\" content=\"https:\/\/asesoriasyprevencion.cl\/wp-content\/uploads\/2025\/01\/cropped-LOGO-2.jpg\" \/>\n\t<meta property=\"og:image:width\" content=\"1572\" \/>\n\t<meta property=\"og:image:height\" content=\"757\" \/>\n\t<meta property=\"og:image:type\" content=\"image\/jpeg\" \/>\n<meta name=\"twitter:card\" content=\"summary_large_image\" \/>\n<script type=\"application\/ld+json\" class=\"yoast-schema-graph\">{\"@context\":\"https:\/\/schema.org\",\"@graph\":[{\"@type\":\"WebPage\",\"@id\":\"https:\/\/asesoriasyprevencion.cl\/index.php\/quienes-somos\/\",\"url\":\"https:\/\/asesoriasyprevencion.cl\/index.php\/quienes-somos\/\",\"name\":\"Qui\u00e9nes somos - Asesor\u00edas y Prevenci\u00f3n\",\"isPartOf\":{\"@id\":\"https:\/\/asesoriasyprevencion.cl\/#website\"},\"primaryImageOfPage\":{\"@id\":\"https:\/\/asesoriasyprevencion.cl\/index.php\/quienes-somos\/#primaryimage\"},\"image\":{\"@id\":\"https:\/\/asesoriasyprevencion.cl\/index.php\/quienes-somos\/#primaryimage\"},\"thumbnailUrl\":\"https:\/\/asesoriasyprevencion.cl\/wp-content\/uploads\/2025\/01\/cropped-LOGO-2.jpg\",\"datePublished\":\"2025-01-14T13:12:58+00:00\",\"dateModified\":\"2025-02-07T21:22:05+00:00\",\"breadcrumb\":{\"@id\":\"https:\/\/asesoriasyprevencion.cl\/index.php\/quienes-somos\/#breadcrumb\"},\"inLanguage\":\"es\",\"potentialAction\":[{\"@type\":\"ReadAction\",\"target\":[\"https:\/\/asesoriasyprevencion.cl\/index.php\/quienes-somos\/\"]}]},{\"@type\":\"ImageObject\",\"inLanguage\":\"es\",\"@id\":\"https:\/\/asesoriasyprevencion.cl\/index.php\/quienes-somos\/#primaryimage\",\"url\":\"https:\/\/asesoriasyprevencion.cl\/wp-content\/uploads\/2025\/01\/cropped-LOGO-2.jpg\",\"contentUrl\":\"https:\/\/asesoriasyprevencion.cl\/wp-content\/uploads\/2025\/01\/cropped-LOGO-2.jpg\",\"width\":1572,\"height\":757},{\"@type\":\"BreadcrumbList\",\"@id\":\"https:\/\/asesoriasyprevencion.cl\/index.php\/quienes-somos\/#breadcrumb\",\"itemListElement\":[{\"@type\":\"ListItem\",\"position\":1,\"name\":\"Portada\",\"item\":\"https:\/\/asesoriasyprevencion.cl\/\"},{\"@type\":\"ListItem\",\"position\":2,\"name\":\"Qui\u00e9nes somos\"}]},{\"@type\":\"WebSite\",\"@id\":\"https:\/\/asesoriasyprevencion.cl\/#website\",\"url\":\"https:\/\/asesoriasyprevencion.cl\/\",\"name\":\"Asesor\u00edas y Prevenci\u00f3n\",\"description\":\"\",\"publisher\":{\"@id\":\"https:\/\/asesoriasyprevencion.cl\/#organization\"},\"potentialAction\":[{\"@type\":\"SearchAction\",\"target\":{\"@type\":\"EntryPoint\",\"urlTemplate\":\"https:\/\/asesoriasyprevencion.cl\/?s={search_term_string}\"},\"query-input\":{\"@type\":\"PropertyValueSpecification\",\"valueRequired\":true,\"valueName\":\"search_term_string\"}}],\"inLanguage\":\"es\"},{\"@type\":\"Organization\",\"@id\":\"https:\/\/asesoriasyprevencion.cl\/#organization\",\"name\":\"Asesor\u00edas y Prevenci\u00f3n\",\"url\":\"https:\/\/asesoriasyprevencion.cl\/\",\"logo\":{\"@type\":\"ImageObject\",\"inLanguage\":\"es\",\"@id\":\"https:\/\/asesoriasyprevencion.cl\/#\/schema\/logo\/image\/\",\"url\":\"https:\/\/asesoriasyprevencion.cl\/wp-content\/uploads\/2025\/01\/cropped-LOGO-2.jpg\",\"contentUrl\":\"https:\/\/asesoriasyprevencion.cl\/wp-content\/uploads\/2025\/01\/cropped-LOGO-2.jpg\",\"width\":1572,\"height\":757,\"caption\":\"Asesor\u00edas y Prevenci\u00f3n\"},\"image\":{\"@id\":\"https:\/\/asesoriasyprevencion.cl\/#\/schema\/logo\/image\/\"}}]}<\/script>\n<!-- \/ Yoast SEO plugin. -->","yoast_head_json":{"title":"Qui\u00e9nes somos - Asesor\u00edas y Prevenci\u00f3n","robots":{"index":"index","follow":"follow","max-snippet":"max-snippet:-1","max-image-preview":"max-image-preview:large","max-video-preview":"max-video-preview:-1"},"canonical":"https:\/\/asesoriasyprevencion.cl\/index.php\/quienes-somos\/","og_locale":"es_ES","og_type":"article","og_title":"Qui\u00e9nes somos - Asesor\u00edas y Prevenci\u00f3n","og_description":"Qui\u00e9nes Somos Contamos con +15 a\u00f1os de experiencia impulsando empresas del \u00e1mbito de la construcci\u00f3n, retail y distribuidoras; desarrollando y [&hellip;]","og_url":"https:\/\/asesoriasyprevencion.cl\/index.php\/quienes-somos\/","og_site_name":"Asesor\u00edas y Prevenci\u00f3n","article_modified_time":"2025-02-07T21:22:05+00:00","og_image":[{"width":1572,"height":757,"url":"https:\/\/asesoriasyprevencion.cl\/wp-content\/uploads\/2025\/01\/cropped-LOGO-2.jpg","type":"image\/jpeg"}],"twitter_card":"summary_large_image","schema":{"@context":"https:\/\/schema.org","@graph":[{"@type":"WebPage","@id":"https:\/\/asesoriasyprevencion.cl\/index.php\/quienes-somos\/","url":"https:\/\/asesoriasyprevencion.cl\/index.php\/quienes-somos\/","name":"Qui\u00e9nes somos - Asesor\u00edas y Prevenci\u00f3n","isPartOf":{"@id":"https:\/\/asesoriasyprevencion.cl\/#website"},"primaryImageOfPage":{"@id":"https:\/\/asesoriasyprevencion.cl\/index.php\/quienes-somos\/#primaryimage"},"image":{"@id":"https:\/\/asesoriasyprevencion.cl\/index.php\/quienes-somos\/#primaryimage"},"thumbnailUrl":"https:\/\/asesoriasyprevencion.cl\/wp-content\/uploads\/2025\/01\/cropped-LOGO-2.jpg","datePublished":"2025-01-14T13:12:58+00:00","dateModified":"2025-02-07T21:22:05+00:00","breadcrumb":{"@id":"https:\/\/asesoriasyprevencion.cl\/index.php\/quienes-somos\/#breadcrumb"},"inLanguage":"es","potentialAction":[{"@type":"ReadAction","target":["https:\/\/asesoriasyprevencion.cl\/index.php\/quienes-somos\/"]}]},{"@type":"ImageObject","inLanguage":"es","@id":"https:\/\/asesoriasyprevencion.cl\/index.php\/quienes-somos\/#primaryimage","url":"https:\/\/asesoriasyprevencion.cl\/wp-content\/uploads\/2025\/01\/cropped-LOGO-2.jpg","contentUrl":"https:\/\/asesoriasyprevencion.cl\/wp-content\/uploads\/2025\/01\/cropped-LOGO-2.jpg","width":1572,"height":757},{"@type":"BreadcrumbList","@id":"https:\/\/asesoriasyprevencion.cl\/index.php\/quienes-somos\/#breadcrumb","itemListElement":[{"@type":"ListItem","position":1,"name":"Portada","item":"https:\/\/asesoriasyprevencion.cl\/"},{"@type":"ListItem","position":2,"name":"Qui\u00e9nes somos"}]},{"@type":"WebSite","@id":"https:\/\/asesoriasyprevencion.cl\/#website","url":"https:\/\/asesoriasyprevencion.cl\/","name":"Asesor\u00edas y Prevenci\u00f3n","description":"","publisher":{"@id":"https:\/\/asesoriasyprevencion.cl\/#organization"},"potentialAction":[{"@type":"SearchAction","target":{"@type":"EntryPoint","urlTemplate":"https:\/\/asesoriasyprevencion.cl\/?s={search_term_string}"},"query-input":{"@type":"PropertyValueSpecification","valueRequired":true,"valueName":"search_term_string"}}],"inLanguage":"es"},{"@type":"Organization","@id":"https:\/\/asesoriasyprevencion.cl\/#organization","name":"Asesor\u00edas y Prevenci\u00f3n","url":"https:\/\/asesoriasyprevencion.cl\/","logo":{"@type":"ImageObject","inLanguage":"es","@id":"https:\/\/asesoriasyprevencion.cl\/#\/schema\/logo\/image\/","url":"https:\/\/asesoriasyprevencion.cl\/wp-content\/uploads\/2025\/01\/cropped-LOGO-2.jpg","contentUrl":"https:\/\/asesoriasyprevencion.cl\/wp-content\/uploads\/2025\/01\/cropped-LOGO-2.jpg","width":1572,"height":757,"caption":"Asesor\u00edas y Prevenci\u00f3n"},"image":{"@id":"https:\/\/asesoriasyprevencion.cl\/#\/schema\/logo\/image\/"}}]}},"_links":{"self":[{"href":"https:\/\/asesoriasyprevencion.cl\/index.php\/wp-json\/wp\/v2\/pages\/208","targetHints":{"allow":["GET"]}}],"collection":[{"href":"https:\/\/asesoriasyprevencion.cl\/index.php\/wp-json\/wp\/v2\/pages"}],"about":[{"href":"https:\/\/asesoriasyprevencion.cl\/index.php\/wp-json\/wp\/v2\/types\/page"}],"author":[{"embeddable":true,"href":"https:\/\/asesoriasyprevencion.cl\/index.php\/wp-json\/wp\/v2\/users\/1"}],"replies":[{"embeddable":true,"href":"https:\/\/asesoriasyprevencion.cl\/index.php\/wp-json\/wp\/v2\/comments?post=208"}],"version-history":[{"count":22,"href":"https:\/\/asesoriasyprevencion.cl\/index.php\/wp-json\/wp\/v2\/pages\/208\/revisions"}],"predecessor-version":[{"id":403,"href":"https:\/\/asesoriasyprevencion.cl\/index.php\/wp-json\/wp\/v2\/pages\/208\/revisions\/403"}],"wp:attachment":[{"href":"https:\/\/asesoriasyprevencion.cl\/index.php\/wp-json\/wp\/v2\/media?parent=208"}],"curies":[{"name":"wp","href":"https:\/\/api.w.org\/{rel}","templated":true}]}}