{"id":232,"date":"2025-01-14T13:48:01","date_gmt":"2025-01-14T13:48:01","guid":{"rendered":"https:\/\/asesoriasyprevencion.cl\/?page_id=232"},"modified":"2025-02-07T21:25:41","modified_gmt":"2025-02-07T21:25:41","slug":"asesorias-en-prevencion-de-riesgos","status":"publish","type":"page","link":"https:\/\/asesoriasyprevencion.cl\/index.php\/asesorias-en-prevencion-de-riesgos\/","title":{"rendered":"Asesor\u00edas en prevenci\u00f3n de riesgos"},"content":{"rendered":"\t\t<div data-elementor-type=\"wp-page\" data-elementor-id=\"232\" class=\"elementor elementor-232\" data-elementor-post-type=\"page\">\n\t\t\t\t<div class=\"elementor-element elementor-element-dd2208a e-flex e-con-boxed e-con e-parent\" data-id=\"dd2208a\" data-element_type=\"container\" data-settings=\"{&quot;background_background&quot;:&quot;classic&quot;}\">\n\t\t\t\t\t<div class=\"e-con-inner\">\n\t\t\t\t<div class=\"elementor-element elementor-element-7589785 elementor-invisible elementor-widget elementor-widget-heading\" data-id=\"7589785\" data-element_type=\"widget\" data-settings=\"{&quot;_animation&quot;:&quot;fadeIn&quot;}\" data-widget_type=\"heading.default\">\n\t\t\t\t\t<h2 class=\"elementor-heading-title elementor-size-default\">Asesor\u00edas en prevenci\u00f3n de riesgos<\/h2>\t\t\t\t<\/div>\n\t\t\t\t\t<\/div>\n\t\t\t\t<\/div>\n\t\t<div class=\"elementor-element elementor-element-d591ac0 e-flex e-con-boxed e-con e-parent\" data-id=\"d591ac0\" data-element_type=\"container\">\n\t\t\t\t\t<div class=\"e-con-inner\">\n\t\t<div class=\"elementor-element elementor-element-f2bdc4b e-con-full e-flex elementor-invisible e-con e-child\" data-id=\"f2bdc4b\" data-element_type=\"container\" data-settings=\"{&quot;animation&quot;:&quot;fadeIn&quot;}\">\n\t\t\t\t<div class=\"elementor-element elementor-element-ca3db81 elementor-widget elementor-widget-eael-feature-list\" data-id=\"ca3db81\" data-element_type=\"widget\" data-widget_type=\"eael-feature-list.default\">\n\t\t\t\t\t\t\t<div class=\"-icon-position-left -tablet-icon-position-left -mobile-icon-position-left\">\n\t\t\t<ul id=\"eael-feature-list-ca3db81\" class=\"eael-feature-list-items circle stacked  eael-feature-list-vertical\">\n\t\t\t                <li class=\"eael-feature-list-item elementor-repeater-item-c795222\">\n                    \n\t\t\t\t\t\t<div class=\"eael-feature-list-icon-box\">\n\t\t\t\t\t\t\t<div class=\"eael-feature-list-icon-inner\">\n\n\t\t\t\t\t\t\t\t<span class=\"eael-feature-list-icon fl-icon-0\">\n\n\t\t<svg aria-hidden=\"true\" class=\"e-font-icon-svg e-fas-check\" viewBox=\"0 0 512 512\" xmlns=\"http:\/\/www.w3.org\/2000\/svg\"><path d=\"M173.898 439.404l-166.4-166.4c-9.997-9.997-9.997-26.206 0-36.204l36.203-36.204c9.997-9.998 26.207-9.998 36.204 0L192 312.69 432.095 72.596c9.997-9.997 26.207-9.997 36.204 0l36.203 36.204c9.997 9.997 9.997 26.206 0 36.204l-294.4 294.401c-9.998 9.997-26.207 9.997-36.204-.001z\"><\/path><\/svg>\t\t\t\t\t\t\t\t<\/span>\n\t\t\t\t\t\t\t<\/div>\n\t\t\t\t\t\t<\/div>\n\t\t\t\t\t\t<div class=\"eael-feature-list-content-box\">\n                            <h2 class=\"eael-feature-list-title\">Identificaci\u00f3n de peligros, evaluaci\u00f3n de riesgos y determinaci\u00f3n de controles.<\/h2>\t\t\t\t\t\t<p class=\"eael-feature-list-content\">En nuestros proyectos la implementaci\u00f3n de un sistema de gesti\u00f3n y control de seguridad y salud ocupacional, a trav\u00e9s de un programa anual de prevenci\u00f3n de riesgos, en donde se desarrollan actividades que involucran de forma transversal a toda la organizaci\u00f3n para dar el cumplimiento a la normativa legal vigente y lograr el control de los peligros, evaluaciones de riesgos de las condiciones de trabajo, actos y conductas. Adem\u00e1s, la determinaci\u00f3n de los controles necesarios por cada actividad, tanto del personal propio como subcontratistas.\n\u00a0\nEsta implementaci\u00f3n tiene como objetivo ser m\u00e1s proactiva que reactiva, considerando principalmente de los riesgos asociados al puesto de trabajo.<\/p>\n\t\t\t\t\t\t<\/div>\n\n\t\t\t\t\t<\/li>\n\t\t\t\t                <li class=\"eael-feature-list-item elementor-repeater-item-deecf1a\">\n                    \n\t\t\t\t\t\t<div class=\"eael-feature-list-icon-box\">\n\t\t\t\t\t\t\t<div class=\"eael-feature-list-icon-inner\">\n\n\t\t\t\t\t\t\t\t<span class=\"eael-feature-list-icon fl-icon-1\">\n\n\t\t<svg aria-hidden=\"true\" class=\"e-font-icon-svg e-fas-check\" viewBox=\"0 0 512 512\" xmlns=\"http:\/\/www.w3.org\/2000\/svg\"><path d=\"M173.898 439.404l-166.4-166.4c-9.997-9.997-9.997-26.206 0-36.204l36.203-36.204c9.997-9.998 26.207-9.998 36.204 0L192 312.69 432.095 72.596c9.997-9.997 26.207-9.997 36.204 0l36.203 36.204c9.997 9.997 9.997 26.206 0 36.204l-294.4 294.401c-9.998 9.997-26.207 9.997-36.204-.001z\"><\/path><\/svg>\t\t\t\t\t\t\t\t<\/span>\n\t\t\t\t\t\t\t<\/div>\n\t\t\t\t\t\t<\/div>\n\t\t\t\t\t\t<div class=\"eael-feature-list-content-box\">\n                            <h2 class=\"eael-feature-list-title\">Actualizaci\u00f3n de la normativa aplicable.<\/h2>\t\t\t\t\t\t<p class=\"eael-feature-list-content\">Cada proyecto debe cumplir de forma rigurosa a las disposiciones legales sobre Seguridad y Prevenci\u00f3n de Riesgos vigentes, as\u00ed como la reglamentaci\u00f3n interna y la pol\u00edtica que la empresa ha aplicado internamente.<\/p>\n\t\t\t\t\t\t<\/div>\n\n\t\t\t\t\t<\/li>\n\t\t\t\t\t\t\t<\/ul>\n\t\t<\/div>\n\t\t\t\t\t\t<\/div>\n\t\t\t\t<\/div>\n\t\t<div class=\"elementor-element elementor-element-41608ec e-con-full e-flex elementor-invisible e-con e-child\" data-id=\"41608ec\" data-element_type=\"container\" data-settings=\"{&quot;animation&quot;:&quot;fadeInRight&quot;}\">\n\t\t\t\t<div class=\"elementor-element elementor-element-f16b03e elementor-widget elementor-widget-image\" data-id=\"f16b03e\" data-element_type=\"widget\" data-widget_type=\"image.default\">\n\t\t\t\t\t\t\t\t\t\t\t\t\t\t\t<img fetchpriority=\"high\" decoding=\"async\" width=\"714\" height=\"1024\" src=\"https:\/\/asesoriasyprevencion.cl\/wp-content\/uploads\/2025\/01\/2-min-714x1024.webp\" class=\"attachment-large size-large wp-image-16\" alt=\"\" srcset=\"https:\/\/asesoriasyprevencion.cl\/wp-content\/uploads\/2025\/01\/2-min-714x1024.webp 714w, https:\/\/asesoriasyprevencion.cl\/wp-content\/uploads\/2025\/01\/2-min-209x300.webp 209w, https:\/\/asesoriasyprevencion.cl\/wp-content\/uploads\/2025\/01\/2-min.webp 753w\" sizes=\"(max-width: 714px) 100vw, 714px\" \/>\t\t\t\t\t\t\t\t\t\t\t\t\t\t\t<\/div>\n\t\t\t\t<\/div>\n\t\t\t\t\t<\/div>\n\t\t\t\t<\/div>\n\t\t<div class=\"elementor-element elementor-element-d2afc47 e-flex e-con-boxed e-con e-parent\" data-id=\"d2afc47\" data-element_type=\"container\">\n\t\t\t\t\t<div class=\"e-con-inner\">\n\t\t<div class=\"elementor-element elementor-element-c8a809a e-con-full elementor-hidden-tablet elementor-hidden-mobile e-flex elementor-invisible e-con e-child\" data-id=\"c8a809a\" data-element_type=\"container\" data-settings=\"{&quot;animation&quot;:&quot;fadeInLeft&quot;}\">\n\t\t\t\t<div class=\"elementor-element elementor-element-e41bff3 elementor-widget elementor-widget-image\" data-id=\"e41bff3\" data-element_type=\"widget\" data-widget_type=\"image.default\">\n\t\t\t\t\t\t\t\t\t\t\t\t\t\t\t<img decoding=\"async\" width=\"714\" height=\"1024\" src=\"https:\/\/asesoriasyprevencion.cl\/wp-content\/uploads\/2025\/01\/3-min-714x1024.webp\" class=\"attachment-large size-large wp-image-15\" alt=\"\" srcset=\"https:\/\/asesoriasyprevencion.cl\/wp-content\/uploads\/2025\/01\/3-min-714x1024.webp 714w, https:\/\/asesoriasyprevencion.cl\/wp-content\/uploads\/2025\/01\/3-min-209x300.webp 209w, https:\/\/asesoriasyprevencion.cl\/wp-content\/uploads\/2025\/01\/3-min.webp 753w\" sizes=\"(max-width: 714px) 100vw, 714px\" \/>\t\t\t\t\t\t\t\t\t\t\t\t\t\t\t<\/div>\n\t\t\t\t<div class=\"elementor-element elementor-element-1916989 elementor-widget elementor-widget-spacer\" data-id=\"1916989\" data-element_type=\"widget\" data-widget_type=\"spacer.default\">\n\t\t\t\t\t\t\t<div class=\"elementor-spacer\">\n\t\t\t<div class=\"elementor-spacer-inner\"><\/div>\n\t\t<\/div>\n\t\t\t\t\t\t<\/div>\n\t\t\t\t<\/div>\n\t\t<div class=\"elementor-element elementor-element-084ba62 e-con-full e-flex elementor-invisible e-con e-child\" data-id=\"084ba62\" data-element_type=\"container\" data-settings=\"{&quot;animation&quot;:&quot;fadeIn&quot;}\">\n\t\t\t\t<div class=\"elementor-element elementor-element-7cacc5e elementor-widget elementor-widget-eael-feature-list\" data-id=\"7cacc5e\" data-element_type=\"widget\" data-widget_type=\"eael-feature-list.default\">\n\t\t\t\t\t\t\t<div class=\"-icon-position-left -tablet-icon-position-left -mobile-icon-position-left\">\n\t\t\t<ul id=\"eael-feature-list-7cacc5e\" class=\"eael-feature-list-items circle stacked  eael-feature-list-vertical\">\n\t\t\t                <li class=\"eael-feature-list-item elementor-repeater-item-f0b333d\">\n                    \n\t\t\t\t\t\t<div class=\"eael-feature-list-icon-box\">\n\t\t\t\t\t\t\t<div class=\"eael-feature-list-icon-inner\">\n\n\t\t\t\t\t\t\t\t<span class=\"eael-feature-list-icon fl-icon-0\">\n\n\t\t<svg aria-hidden=\"true\" class=\"e-font-icon-svg e-fas-check\" viewBox=\"0 0 512 512\" xmlns=\"http:\/\/www.w3.org\/2000\/svg\"><path d=\"M173.898 439.404l-166.4-166.4c-9.997-9.997-9.997-26.206 0-36.204l36.203-36.204c9.997-9.998 26.207-9.998 36.204 0L192 312.69 432.095 72.596c9.997-9.997 26.207-9.997 36.204 0l36.203 36.204c9.997 9.997 9.997 26.206 0 36.204l-294.4 294.401c-9.998 9.997-26.207 9.997-36.204-.001z\"><\/path><\/svg>\t\t\t\t\t\t\t\t<\/span>\n\t\t\t\t\t\t\t<\/div>\n\t\t\t\t\t\t<\/div>\n\t\t\t\t\t\t<div class=\"eael-feature-list-content-box\">\n                            <h2 class=\"eael-feature-list-title\">Generar un programa y matriz de prevenci\u00f3n de riesgos<\/h2>\t\t\t\t\t\t<p class=\"eael-feature-list-content\">Se establece un Programa de Prevenci\u00f3n de Riesgos Ocupacional, contemplando la normativa legal, inspecciones de terreno y observaciones de conducta como principales actividades de control, de acuerdo con los indicadores de criticidad identificados en el Inventario de Riesgos Cr\u00edticos de la empresa.<br><br>\n\nEsto se desarrolla a trav\u00e9s del programa de prevenci\u00f3n, con inspecciones efectivas en terreno. De las cuales corresponden:<br><br>\n\n\n\u2022Evaluaciones de puestos de trabajos.<br>\n\u2022Inspecciones en el lugar de trabajo.<br>\n\u2022Charlas de Seguridad.<br>\n\u2022Difusi\u00f3n de Procedimientos de trabajo seguro.<br>\n\u2022Implementaci\u00f3n de protocolos SEREMI de salud.<br>\n\u2022Checklist preventivos de acuerdo al DS594.<\/p>\n\t\t\t\t\t\t<\/div>\n\n\t\t\t\t\t<\/li>\n\t\t\t\t                <li class=\"eael-feature-list-item elementor-repeater-item-a9af6b0\">\n                    \n\t\t\t\t\t\t<div class=\"eael-feature-list-icon-box\">\n\t\t\t\t\t\t\t<div class=\"eael-feature-list-icon-inner\">\n\n\t\t\t\t\t\t\t\t<span class=\"eael-feature-list-icon fl-icon-1\">\n\n\t\t<svg aria-hidden=\"true\" class=\"e-font-icon-svg e-fas-check\" viewBox=\"0 0 512 512\" xmlns=\"http:\/\/www.w3.org\/2000\/svg\"><path d=\"M173.898 439.404l-166.4-166.4c-9.997-9.997-9.997-26.206 0-36.204l36.203-36.204c9.997-9.998 26.207-9.998 36.204 0L192 312.69 432.095 72.596c9.997-9.997 26.207-9.997 36.204 0l36.203 36.204c9.997 9.997 9.997 26.206 0 36.204l-294.4 294.401c-9.998 9.997-26.207 9.997-36.204-.001z\"><\/path><\/svg>\t\t\t\t\t\t\t\t<\/span>\n\t\t\t\t\t\t\t<\/div>\n\t\t\t\t\t\t<\/div>\n\t\t\t\t\t\t<div class=\"eael-feature-list-content-box\">\n                            <h2 class=\"eael-feature-list-title\">Implementaci\u00f3n Ley KARIM de acuerdo con normativa vigente.<\/h2>\t\t\t\t\t\t<p class=\"eael-feature-list-content\"><\/p>\n\t\t\t\t\t\t<\/div>\n\n\t\t\t\t\t<\/li>\n\t\t\t\t\t\t\t<\/ul>\n\t\t<\/div>\n\t\t\t\t\t\t<\/div>\n\t\t\t\t<div class=\"elementor-element elementor-element-506edd5 elementor-widget elementor-widget-spacer\" data-id=\"506edd5\" data-element_type=\"widget\" data-widget_type=\"spacer.default\">\n\t\t\t\t\t\t\t<div class=\"elementor-spacer\">\n\t\t\t<div class=\"elementor-spacer-inner\"><\/div>\n\t\t<\/div>\n\t\t\t\t\t\t<\/div>\n\t\t\t\t<\/div>\n\t\t<div class=\"elementor-element elementor-element-f67d96a e-con-full elementor-hidden-desktop e-flex e-con e-child\" data-id=\"f67d96a\" data-element_type=\"container\">\n\t\t\t\t<div class=\"elementor-element elementor-element-f0637bf elementor-widget elementor-widget-image\" data-id=\"f0637bf\" data-element_type=\"widget\" data-widget_type=\"image.default\">\n\t\t\t\t\t\t\t\t\t\t\t\t\t\t\t<img decoding=\"async\" width=\"714\" height=\"1024\" src=\"https:\/\/asesoriasyprevencion.cl\/wp-content\/uploads\/2025\/01\/3-min-714x1024.webp\" class=\"attachment-large size-large wp-image-15\" alt=\"\" srcset=\"https:\/\/asesoriasyprevencion.cl\/wp-content\/uploads\/2025\/01\/3-min-714x1024.webp 714w, https:\/\/asesoriasyprevencion.cl\/wp-content\/uploads\/2025\/01\/3-min-209x300.webp 209w, https:\/\/asesoriasyprevencion.cl\/wp-content\/uploads\/2025\/01\/3-min.webp 753w\" sizes=\"(max-width: 714px) 100vw, 714px\" \/>\t\t\t\t\t\t\t\t\t\t\t\t\t\t\t<\/div>\n\t\t\t\t<div class=\"elementor-element elementor-element-78c52ef elementor-widget elementor-widget-spacer\" data-id=\"78c52ef\" data-element_type=\"widget\" data-widget_type=\"spacer.default\">\n\t\t\t\t\t\t\t<div class=\"elementor-spacer\">\n\t\t\t<div class=\"elementor-spacer-inner\"><\/div>\n\t\t<\/div>\n\t\t\t\t\t\t<\/div>\n\t\t\t\t<\/div>\n\t\t\t\t\t<\/div>\n\t\t\t\t<\/div>\n\t\t\t\t<\/div>\n\t\t","protected":false},"excerpt":{"rendered":"<p>Asesor\u00edas en prevenci\u00f3n de riesgos Identificaci\u00f3n de peligros, evaluaci\u00f3n de riesgos y determinaci\u00f3n de controles. En nuestros proyectos la implementaci\u00f3n [&hellip;]<\/p>\n","protected":false},"author":1,"featured_media":0,"parent":0,"menu_order":0,"comment_status":"closed","ping_status":"closed","template":"","meta":{"site-sidebar-layout":"no-sidebar","site-content-layout":"","ast-site-content-layout":"full-width-container","site-content-style":"default","site-sidebar-style":"default","ast-global-header-display":"","ast-banner-title-visibility":"","ast-main-header-display":"","ast-hfb-above-header-display":"","ast-hfb-below-header-display":"","ast-hfb-mobile-header-display":"","site-post-title":"disabled","ast-breadcrumbs-content":"","ast-featured-img":"disabled","footer-sml-layout":"","theme-transparent-header-meta":"","adv-header-id-meta":"","stick-header-meta":"","header-above-stick-meta":"","header-main-stick-meta":"","header-below-stick-meta":"","astra-migrate-meta-layouts":"default","ast-page-background-enabled":"default","ast-page-background-meta":{"desktop":{"background-color":"var(--ast-global-color-5)","background-image":"","background-repeat":"repeat","background-position":"center center","background-size":"auto","background-attachment":"scroll","background-type":"","background-media":"","overlay-type":"","overlay-color":"","overlay-opacity":"","overlay-gradient":""},"tablet":{"background-color":"","background-image":"","background-repeat":"repeat","background-position":"center center","background-size":"auto","background-attachment":"scroll","background-type":"","background-media":"","overlay-type":"","overlay-color":"","overlay-opacity":"","overlay-gradient":""},"mobile":{"background-color":"","background-image":"","background-repeat":"repeat","background-position":"center center","background-size":"auto","background-attachment":"scroll","background-type":"","background-media":"","overlay-type":"","overlay-color":"","overlay-opacity":"","overlay-gradient":""}},"ast-content-background-meta":{"desktop":{"background-color":"var(--ast-global-color-4)","background-image":"","background-repeat":"repeat","background-position":"center center","background-size":"auto","background-attachment":"scroll","background-type":"","background-media":"","overlay-type":"","overlay-color":"","overlay-opacity":"","overlay-gradient":""},"tablet":{"background-color":"var(--ast-global-color-4)","background-image":"","background-repeat":"repeat","background-position":"center center","background-size":"auto","background-attachment":"scroll","background-type":"","background-media":"","overlay-type":"","overlay-color":"","overlay-opacity":"","overlay-gradient":""},"mobile":{"background-color":"var(--ast-global-color-4)","background-image":"","background-repeat":"repeat","background-position":"center center","background-size":"auto","background-attachment":"scroll","background-type":"","background-media":"","overlay-type":"","overlay-color":"","overlay-opacity":"","overlay-gradient":""}},"footnotes":""},"class_list":["post-232","page","type-page","status-publish","hentry"],"yoast_head":"<!-- This site is optimized with the Yoast SEO plugin v24.3 - https:\/\/yoast.com\/wordpress\/plugins\/seo\/ -->\n<title>Asesor\u00edas en prevenci\u00f3n de riesgos - Asesor\u00edas y Prevenci\u00f3n<\/title>\n<meta name=\"robots\" content=\"index, follow, max-snippet:-1, max-image-preview:large, max-video-preview:-1\" \/>\n<link rel=\"canonical\" href=\"https:\/\/asesoriasyprevencion.cl\/index.php\/asesorias-en-prevencion-de-riesgos\/\" \/>\n<meta property=\"og:locale\" content=\"es_ES\" \/>\n<meta property=\"og:type\" content=\"article\" \/>\n<meta property=\"og:title\" content=\"Asesor\u00edas en prevenci\u00f3n de riesgos - Asesor\u00edas y Prevenci\u00f3n\" \/>\n<meta property=\"og:description\" content=\"Asesor\u00edas en prevenci\u00f3n de riesgos Identificaci\u00f3n de peligros, evaluaci\u00f3n de riesgos y determinaci\u00f3n de controles. En nuestros proyectos la implementaci\u00f3n [&hellip;]\" \/>\n<meta property=\"og:url\" content=\"https:\/\/asesoriasyprevencion.cl\/index.php\/asesorias-en-prevencion-de-riesgos\/\" \/>\n<meta property=\"og:site_name\" content=\"Asesor\u00edas y Prevenci\u00f3n\" \/>\n<meta property=\"article:modified_time\" content=\"2025-02-07T21:25:41+00:00\" \/>\n<meta property=\"og:image\" content=\"https:\/\/asesoriasyprevencion.cl\/wp-content\/uploads\/2025\/01\/2-min.webp\" \/>\n\t<meta property=\"og:image:width\" content=\"753\" \/>\n\t<meta property=\"og:image:height\" content=\"1080\" \/>\n\t<meta property=\"og:image:type\" content=\"image\/webp\" \/>\n<meta name=\"twitter:card\" content=\"summary_large_image\" \/>\n<script type=\"application\/ld+json\" class=\"yoast-schema-graph\">{\"@context\":\"https:\/\/schema.org\",\"@graph\":[{\"@type\":\"WebPage\",\"@id\":\"https:\/\/asesoriasyprevencion.cl\/index.php\/asesorias-en-prevencion-de-riesgos\/\",\"url\":\"https:\/\/asesoriasyprevencion.cl\/index.php\/asesorias-en-prevencion-de-riesgos\/\",\"name\":\"Asesor\u00edas en prevenci\u00f3n de riesgos - Asesor\u00edas y Prevenci\u00f3n\",\"isPartOf\":{\"@id\":\"https:\/\/asesoriasyprevencion.cl\/#website\"},\"primaryImageOfPage\":{\"@id\":\"https:\/\/asesoriasyprevencion.cl\/index.php\/asesorias-en-prevencion-de-riesgos\/#primaryimage\"},\"image\":{\"@id\":\"https:\/\/asesoriasyprevencion.cl\/index.php\/asesorias-en-prevencion-de-riesgos\/#primaryimage\"},\"thumbnailUrl\":\"https:\/\/asesoriasyprevencion.cl\/wp-content\/uploads\/2025\/01\/2-min-714x1024.webp\",\"datePublished\":\"2025-01-14T13:48:01+00:00\",\"dateModified\":\"2025-02-07T21:25:41+00:00\",\"breadcrumb\":{\"@id\":\"https:\/\/asesoriasyprevencion.cl\/index.php\/asesorias-en-prevencion-de-riesgos\/#breadcrumb\"},\"inLanguage\":\"es\",\"potentialAction\":[{\"@type\":\"ReadAction\",\"target\":[\"https:\/\/asesoriasyprevencion.cl\/index.php\/asesorias-en-prevencion-de-riesgos\/\"]}]},{\"@type\":\"ImageObject\",\"inLanguage\":\"es\",\"@id\":\"https:\/\/asesoriasyprevencion.cl\/index.php\/asesorias-en-prevencion-de-riesgos\/#primaryimage\",\"url\":\"https:\/\/asesoriasyprevencion.cl\/wp-content\/uploads\/2025\/01\/2-min.webp\",\"contentUrl\":\"https:\/\/asesoriasyprevencion.cl\/wp-content\/uploads\/2025\/01\/2-min.webp\",\"width\":753,\"height\":1080},{\"@type\":\"BreadcrumbList\",\"@id\":\"https:\/\/asesoriasyprevencion.cl\/index.php\/asesorias-en-prevencion-de-riesgos\/#breadcrumb\",\"itemListElement\":[{\"@type\":\"ListItem\",\"position\":1,\"name\":\"Portada\",\"item\":\"https:\/\/asesoriasyprevencion.cl\/\"},{\"@type\":\"ListItem\",\"position\":2,\"name\":\"Asesor\u00edas en prevenci\u00f3n de riesgos\"}]},{\"@type\":\"WebSite\",\"@id\":\"https:\/\/asesoriasyprevencion.cl\/#website\",\"url\":\"https:\/\/asesoriasyprevencion.cl\/\",\"name\":\"Asesor\u00edas y Prevenci\u00f3n\",\"description\":\"\",\"publisher\":{\"@id\":\"https:\/\/asesoriasyprevencion.cl\/#organization\"},\"potentialAction\":[{\"@type\":\"SearchAction\",\"target\":{\"@type\":\"EntryPoint\",\"urlTemplate\":\"https:\/\/asesoriasyprevencion.cl\/?s={search_term_string}\"},\"query-input\":{\"@type\":\"PropertyValueSpecification\",\"valueRequired\":true,\"valueName\":\"search_term_string\"}}],\"inLanguage\":\"es\"},{\"@type\":\"Organization\",\"@id\":\"https:\/\/asesoriasyprevencion.cl\/#organization\",\"name\":\"Asesor\u00edas y Prevenci\u00f3n\",\"url\":\"https:\/\/asesoriasyprevencion.cl\/\",\"logo\":{\"@type\":\"ImageObject\",\"inLanguage\":\"es\",\"@id\":\"https:\/\/asesoriasyprevencion.cl\/#\/schema\/logo\/image\/\",\"url\":\"https:\/\/asesoriasyprevencion.cl\/wp-content\/uploads\/2025\/01\/cropped-LOGO-2.jpg\",\"contentUrl\":\"https:\/\/asesoriasyprevencion.cl\/wp-content\/uploads\/2025\/01\/cropped-LOGO-2.jpg\",\"width\":1572,\"height\":757,\"caption\":\"Asesor\u00edas y Prevenci\u00f3n\"},\"image\":{\"@id\":\"https:\/\/asesoriasyprevencion.cl\/#\/schema\/logo\/image\/\"}}]}<\/script>\n<!-- \/ Yoast SEO plugin. -->","yoast_head_json":{"title":"Asesor\u00edas en prevenci\u00f3n de riesgos - Asesor\u00edas y Prevenci\u00f3n","robots":{"index":"index","follow":"follow","max-snippet":"max-snippet:-1","max-image-preview":"max-image-preview:large","max-video-preview":"max-video-preview:-1"},"canonical":"https:\/\/asesoriasyprevencion.cl\/index.php\/asesorias-en-prevencion-de-riesgos\/","og_locale":"es_ES","og_type":"article","og_title":"Asesor\u00edas en prevenci\u00f3n de riesgos - Asesor\u00edas y Prevenci\u00f3n","og_description":"Asesor\u00edas en prevenci\u00f3n de riesgos Identificaci\u00f3n de peligros, evaluaci\u00f3n de riesgos y determinaci\u00f3n de controles. En nuestros proyectos la implementaci\u00f3n [&hellip;]","og_url":"https:\/\/asesoriasyprevencion.cl\/index.php\/asesorias-en-prevencion-de-riesgos\/","og_site_name":"Asesor\u00edas y Prevenci\u00f3n","article_modified_time":"2025-02-07T21:25:41+00:00","og_image":[{"width":753,"height":1080,"url":"https:\/\/asesoriasyprevencion.cl\/wp-content\/uploads\/2025\/01\/2-min.webp","type":"image\/webp"}],"twitter_card":"summary_large_image","schema":{"@context":"https:\/\/schema.org","@graph":[{"@type":"WebPage","@id":"https:\/\/asesoriasyprevencion.cl\/index.php\/asesorias-en-prevencion-de-riesgos\/","url":"https:\/\/asesoriasyprevencion.cl\/index.php\/asesorias-en-prevencion-de-riesgos\/","name":"Asesor\u00edas en prevenci\u00f3n de riesgos - Asesor\u00edas y Prevenci\u00f3n","isPartOf":{"@id":"https:\/\/asesoriasyprevencion.cl\/#website"},"primaryImageOfPage":{"@id":"https:\/\/asesoriasyprevencion.cl\/index.php\/asesorias-en-prevencion-de-riesgos\/#primaryimage"},"image":{"@id":"https:\/\/asesoriasyprevencion.cl\/index.php\/asesorias-en-prevencion-de-riesgos\/#primaryimage"},"thumbnailUrl":"https:\/\/asesoriasyprevencion.cl\/wp-content\/uploads\/2025\/01\/2-min-714x1024.webp","datePublished":"2025-01-14T13:48:01+00:00","dateModified":"2025-02-07T21:25:41+00:00","breadcrumb":{"@id":"https:\/\/asesoriasyprevencion.cl\/index.php\/asesorias-en-prevencion-de-riesgos\/#breadcrumb"},"inLanguage":"es","potentialAction":[{"@type":"ReadAction","target":["https:\/\/asesoriasyprevencion.cl\/index.php\/asesorias-en-prevencion-de-riesgos\/"]}]},{"@type":"ImageObject","inLanguage":"es","@id":"https:\/\/asesoriasyprevencion.cl\/index.php\/asesorias-en-prevencion-de-riesgos\/#primaryimage","url":"https:\/\/asesoriasyprevencion.cl\/wp-content\/uploads\/2025\/01\/2-min.webp","contentUrl":"https:\/\/asesoriasyprevencion.cl\/wp-content\/uploads\/2025\/01\/2-min.webp","width":753,"height":1080},{"@type":"BreadcrumbList","@id":"https:\/\/asesoriasyprevencion.cl\/index.php\/asesorias-en-prevencion-de-riesgos\/#breadcrumb","itemListElement":[{"@type":"ListItem","position":1,"name":"Portada","item":"https:\/\/asesoriasyprevencion.cl\/"},{"@type":"ListItem","position":2,"name":"Asesor\u00edas en prevenci\u00f3n de riesgos"}]},{"@type":"WebSite","@id":"https:\/\/asesoriasyprevencion.cl\/#website","url":"https:\/\/asesoriasyprevencion.cl\/","name":"Asesor\u00edas y Prevenci\u00f3n","description":"","publisher":{"@id":"https:\/\/asesoriasyprevencion.cl\/#organization"},"potentialAction":[{"@type":"SearchAction","target":{"@type":"EntryPoint","urlTemplate":"https:\/\/asesoriasyprevencion.cl\/?s={search_term_string}"},"query-input":{"@type":"PropertyValueSpecification","valueRequired":true,"valueName":"search_term_string"}}],"inLanguage":"es"},{"@type":"Organization","@id":"https:\/\/asesoriasyprevencion.cl\/#organization","name":"Asesor\u00edas y Prevenci\u00f3n","url":"https:\/\/asesoriasyprevencion.cl\/","logo":{"@type":"ImageObject","inLanguage":"es","@id":"https:\/\/asesoriasyprevencion.cl\/#\/schema\/logo\/image\/","url":"https:\/\/asesoriasyprevencion.cl\/wp-content\/uploads\/2025\/01\/cropped-LOGO-2.jpg","contentUrl":"https:\/\/asesoriasyprevencion.cl\/wp-content\/uploads\/2025\/01\/cropped-LOGO-2.jpg","width":1572,"height":757,"caption":"Asesor\u00edas y Prevenci\u00f3n"},"image":{"@id":"https:\/\/asesoriasyprevencion.cl\/#\/schema\/logo\/image\/"}}]}},"_links":{"self":[{"href":"https:\/\/asesoriasyprevencion.cl\/index.php\/wp-json\/wp\/v2\/pages\/232","targetHints":{"allow":["GET"]}}],"collection":[{"href":"https:\/\/asesoriasyprevencion.cl\/index.php\/wp-json\/wp\/v2\/pages"}],"about":[{"href":"https:\/\/asesoriasyprevencion.cl\/index.php\/wp-json\/wp\/v2\/types\/page"}],"author":[{"embeddable":true,"href":"https:\/\/asesoriasyprevencion.cl\/index.php\/wp-json\/wp\/v2\/users\/1"}],"replies":[{"embeddable":true,"href":"https:\/\/asesoriasyprevencion.cl\/index.php\/wp-json\/wp\/v2\/comments?post=232"}],"version-history":[{"count":37,"href":"https:\/\/asesoriasyprevencion.cl\/index.php\/wp-json\/wp\/v2\/pages\/232\/revisions"}],"predecessor-version":[{"id":409,"href":"https:\/\/asesoriasyprevencion.cl\/index.php\/wp-json\/wp\/v2\/pages\/232\/revisions\/409"}],"wp:attachment":[{"href":"https:\/\/asesoriasyprevencion.cl\/index.php\/wp-json\/wp\/v2\/media?parent=232"}],"curies":[{"name":"wp","href":"https:\/\/api.w.org\/{rel}","templated":true}]}}